{"id":4103,"date":"2022-07-21T12:13:54","date_gmt":"2022-07-21T12:13:54","guid":{"rendered":"https:\/\/snf-wankdorf.ch\/projet\/le-batiment\/"},"modified":"2024-08-19T13:24:18","modified_gmt":"2024-08-19T13:24:18","slug":"le-batiment","status":"publish","type":"page","link":"https:\/\/snf-wankdorf.ch\/fr\/projet\/le-batiment\/","title":{"rendered":"Le b\u00e2timent"},"content":{"rendered":"\t\t<div data-elementor-type=\"wp-page\" data-elementor-id=\"4103\" class=\"elementor elementor-4103 elementor-3367\" data-elementor-post-type=\"page\">\n\t\t\t\t\t\t<section class=\"elementor-section elementor-top-section elementor-element elementor-element-09fb1b8 elementor-section-full_width elementor-section-height-default elementor-section-height-default\" data-id=\"09fb1b8\" data-element_type=\"section\" data-e-type=\"section\">\n\t\t\t\t\t\t<div class=\"elementor-container elementor-column-gap-no\">\n\t\t\t\t\t<div class=\"elementor-column elementor-col-100 elementor-top-column elementor-element elementor-element-a7ea650\" data-id=\"a7ea650\" data-element_type=\"column\" data-e-type=\"column\">\n\t\t\t<div class=\"elementor-widget-wrap elementor-element-populated\">\n\t\t\t\t\t\t<div class=\"elementor-element elementor-element-0bf795e pa-display-conditions-yes elementor-widget elementor-widget-quarty-banner\" data-id=\"0bf795e\" data-element_type=\"widget\" data-e-type=\"widget\" data-settings=\"{&quot;pa_display_conditions_switcher&quot;:&quot;yes&quot;}\" data-widget_type=\"quarty-banner.default\">\n\t\t\t\t<div class=\"elementor-widget-container\">\n\t\t\t\t\t\n\t\t<div class=\"row qrt-p-0-40\">\n          <div class=\"col-lg-12\">\n            <div class=\"qrt-page-cover\">\n                            <img decoding=\"async\" src=\"https:\/\/snf-wankdorf.ch\/wp-content\/uploads\/2022\/05\/laengsschnitt_sued_1920_1080.jpg\" alt=\"\" \/>\n                                                        <div class=\"qrt-about-info qrt-right-position\">\n                <div class=\"qrt-cover-info\">\n\t\t\t\t  <ul class=\"qrt-table\">\n\t\t\t\t\t                    <li>\n                      <h5 class=\"qrt-white\">\n                      \t<span >\n\t        \t\t\t\tSection longitudinale sud\t        \t\t\t<\/span>\n                      <\/h5>\n                      <span >\n\t\t\t\t\t\t\t\t\t\t\t  <\/span>\n\t\t\t\t\t<\/li>\n                    \t\t\t\t  <\/ul>\n                <\/div>\n              <\/div>\n         \t              <\/div>\n          <\/div>\n        <\/div>\n\n\t\t\t\t\t\t<\/div>\n\t\t\t\t<\/div>\n\t\t\t\t\t<\/div>\n\t\t<\/div>\n\t\t\t\t\t<\/div>\n\t\t<\/section>\n\t\t\t\t<section class=\"elementor-section elementor-top-section elementor-element elementor-element-b13de92 elementor-section-full_width elementor-section-height-default elementor-section-height-default\" data-id=\"b13de92\" data-element_type=\"section\" data-e-type=\"section\">\n\t\t\t\t\t\t<div class=\"elementor-container elementor-column-gap-no\">\n\t\t\t\t\t<div class=\"elementor-column elementor-col-100 elementor-top-column elementor-element elementor-element-2a40d7b\" data-id=\"2a40d7b\" data-element_type=\"column\" data-e-type=\"column\">\n\t\t\t<div class=\"elementor-widget-wrap elementor-element-populated\">\n\t\t\t\t\t\t<div class=\"elementor-element elementor-element-bfe67a3 elementor-widget elementor-widget-text-editor\" data-id=\"bfe67a3\" data-element_type=\"widget\" data-e-type=\"widget\" data-widget_type=\"text-editor.default\">\n\t\t\t\t<div class=\"elementor-widget-container\">\n\t\t\t\t\t\t\t\t\t<h1>Le nouveau si\u00e8ge du FNS \u2013 avec des espaces \u00e0 louer<\/h1>\n\t\t\t\t\t\t\t\t<\/div>\n\t\t\t\t<\/div>\n\t\t\t\t<div class=\"elementor-element elementor-element-639d02d elementor-widget elementor-widget-text-editor\" data-id=\"639d02d\" data-element_type=\"widget\" data-e-type=\"widget\" data-widget_type=\"text-editor.default\">\n\t\t\t\t<div class=\"elementor-widget-container\">\n\t\t\t\t\t\t\t\t\t<p>Le Fonds national suisse (FNS) avait besoin de se doter d\u2019un nouveau si\u00e8ge. Une fois achev\u00e9, le nouveau site du quartier bernois de WankdorfCity compterait parmi les b\u00e2timents administratifs les plus durables, innovants et modernes de Suisse. Nouvelles formes de travail dans l\u2019esprit \u201cNew Work\u201d, conciliation de la vie priv\u00e9e et professionnelle et accessibilit\u00e9 depuis toutes les r\u00e9gions du pays, tels sont les \u00e9l\u00e9ments qui constituent la cl\u00e9 de vo\u00fbte de ce concept global. Et duquel des tiers peuvent \u00e9galement profiter, car une partie de la surface utile peut \u00eatre lou\u00e9e \u00e0 des tiers. (cf. Menu onglet : <a href=\"https:\/\/snf-wankdorf.ch\/fr\/projet\/les-surfaces-a-louer\/\">Les surfaces \u00e0 louer<\/a>)<\/p><p>Le FNS r\u00e9alise la construction de ces nouveaux locaux en collaboration avec l\u2019\u00e9quipe de planification g\u00e9n\u00e9rale Penzel Valier dans le r\u00e9cent quartier de WankdorfCity, situ\u00e9 au nord de Berne, en vue d\u2019y installer son nouveau si\u00e8ge. A une \u00e9poque o\u00f9 travail \u00e0 domicile rime avec horaires flexibles, ce b\u00e2timent se veut un lieu de travail o\u00f9 l\u2019on se rend par plaisir, et non plus par obligation.<\/p>\t\t\t\t\t\t\t\t<\/div>\n\t\t\t\t<\/div>\n\t\t\t\t<div class=\"elementor-element elementor-element-9c1d4b5 elementor-widget elementor-widget-text-editor\" data-id=\"9c1d4b5\" data-element_type=\"widget\" data-e-type=\"widget\" data-widget_type=\"text-editor.default\">\n\t\t\t\t<div class=\"elementor-widget-container\">\n\t\t\t\t\t\t\t\t\t<h2>Un b\u00e2timent hybride pour travailler et se rencontrer<\/h2>\n\t\t\t\t\t\t\t\t<\/div>\n\t\t\t\t<\/div>\n\t\t\t\t<div class=\"elementor-element elementor-element-cb00724 elementor-widget elementor-widget-text-editor\" data-id=\"cb00724\" data-element_type=\"widget\" data-e-type=\"widget\" data-widget_type=\"text-editor.default\">\n\t\t\t\t<div class=\"elementor-widget-container\">\n\t\t\t\t\t\t\t\t\t<p>Le nouveau b\u00e2timent du FNS doit permettre, \u00e0 partir de 2027, le type de collaboration que l\u2019on d\u00e9crit d\u00e9j\u00e0 aujourd&rsquo;hui par le terme \u00ab\u00a0New Work\u00a0\u00bb : plus de flexibilit\u00e9 tant de la part des collaborateurs\u00b7trices que de l\u2019employeur, dot\u00e9 d\u2019un concept d\u2019espace tout aussi flexible.<\/p><p><span style=\"letter-spacing: 0px;\">L\u2019utilisation hybride de l\u2019ensemble du b\u00e2timent constitue par cons\u00e9quent l\u2019une des principales consid\u00e9rations sur lesquelles le concept architectural de Penzel Valier est fond\u00e9. Cela signifie que les locaux peuvent \u00eatre utilis\u00e9s de mani\u00e8re souple et polyvalente.De plus, les normes \u00e9lev\u00e9es en mati\u00e8re de durabilit\u00e9 font office de r\u00e9f\u00e9rence et favorisent l\u2019identification \u00e0 l\u2019organisation.<\/span><\/p>\t\t\t\t\t\t\t\t<\/div>\n\t\t\t\t<\/div>\n\t\t\t\t<div class=\"elementor-element elementor-element-fded246 elementor-widget elementor-widget-text-editor\" data-id=\"fded246\" data-element_type=\"widget\" data-e-type=\"widget\" data-widget_type=\"text-editor.default\">\n\t\t\t\t<div class=\"elementor-widget-container\">\n\t\t\t\t\t\t\t\t\t<h2>Conception du b\u00e2timent<\/h2>\n\t\t\t\t\t\t\t\t<\/div>\n\t\t\t\t<\/div>\n\t\t\t\t<div class=\"elementor-element elementor-element-686ee72 elementor-widget elementor-widget-text-editor\" data-id=\"686ee72\" data-element_type=\"widget\" data-e-type=\"widget\" data-widget_type=\"text-editor.default\">\n\t\t\t\t<div class=\"elementor-widget-container\">\n\t\t\t\t\t\t\t\t\t<p>Le c\u0153ur du b\u00e2timent est constitu\u00e9 par un atrium reproduit \u00e0 l\u2019identique sur tous les \u00e9tages. Permettant une p\u00e9n\u00e9tration optimale de la lumi\u00e8re du jour, il diffuse un \u00e9clairage naturel jusqu\u2019au rez-de-chauss\u00e9e. Dot\u00e9 d\u2019une installation photovolta\u00efque, le toit v\u00e9g\u00e9talis\u00e9 assure un taux d\u2019autonomie en \u00e9lectricit\u00e9 aussi \u00e9lev\u00e9 que possible. Juste \u00e0 c\u00f4t\u00e9, la terrasse invite quant \u00e0 elle \u00e0 des pauses reposantes et constitue\u00a0 un espace agr\u00e9able pour organiser des \u00e9v\u00e9nements sociaux.<\/p><p>D\u2019une capacit\u00e9 d\u2019accueil maximale de 456 collaboratrices et collaborateurs, les quatre \u00e9tages situ\u00e9s en dessous se distinguent par leur flexibilit\u00e9. Leurs espaces se pr\u00eatent en effet tout autant \u00e0 un travail concentr\u00e9 qu\u2019\u00e0 des discussions tout en offrant des possibilit\u00e9s de retrait et des coins salons confortables permettant d\u2019\u00e9changer et ou de s\u2019octroyer une pause m\u00e9rit\u00e9e.<\/p><p><span style=\"letter-spacing: 0px;\">Le rez-de-chauss\u00e9e offre aussi une surface importante qui est occup\u00e9e, entre autres,\u00a0 par la salle pl\u00e9ni\u00e8re. Modulable au besoin en trois salles individuelles, celle-ci a vocation \u00e0 accueillir aussi bien les s\u00e9ances du Conseil de la recherche que des manifestations de moindre importance lorsque les locataires le souhaitent.<\/span><\/p><p><span style=\"letter-spacing: 0px;\">Le restaurant se trouve directement \u00e0 c\u00f4t\u00e9 avec sa propre \u00e9quipe de cuisine. Il est compl\u00e9t\u00e9 par un caf\u00e9 et une terrasse et propose \u00e9galement diff\u00e9rents endroits o\u00f9 pr\u00e9parer soi-m\u00eame la nourriture apport\u00e9e. Ce lieu est \u00e9galement ouvert aux personnes ext\u00e9rieures. Enfin, le sous-sol accueille quelques places de parking destin\u00e9es aux v\u00e9hicules motoris\u00e9s dont le nombre correspond \u00e0 environ 10% des effectifs. Des parkings \u00e0 v\u00e9lo couverts sont \u00e9galement pr\u00e9vus \u00e0 proximit\u00e9 imm\u00e9diate du b\u00e2timent.<\/span><\/p><p>Si tout se passe bien, tous ces am\u00e9nagements devraient \u00eatre disponibles \u00e0 partir de 2027.<\/p><div>\u00a0<\/div>\t\t\t\t\t\t\t\t<\/div>\n\t\t\t\t<\/div>\n\t\t\t\t<div class=\"elementor-element elementor-element-90043e6 elementor-widget elementor-widget-text-editor\" data-id=\"90043e6\" data-element_type=\"widget\" data-e-type=\"widget\" data-widget_type=\"text-editor.default\">\n\t\t\t\t<div class=\"elementor-widget-container\">\n\t\t\t\t\t\t\t\t\t<h2>Des surfaces \u00e0 louer g\u00e9n\u00e9reuses dans un immeuble de bureaux particuli\u00e8rement durable<\/h2>\n\t\t\t\t\t\t\t\t<\/div>\n\t\t\t\t<\/div>\n\t\t\t\t<div class=\"elementor-element elementor-element-6d39a39 elementor-widget elementor-widget-text-editor\" data-id=\"6d39a39\" data-element_type=\"widget\" data-e-type=\"widget\" data-widget_type=\"text-editor.default\">\n\t\t\t\t<div class=\"elementor-widget-container\">\n\t\t\t\t\t\t\t\t\t<p>Le FNS n\u2019a pas besoin de tout l\u2019espace disponible pour mener \u00e0 bien ses activit\u00e9s d\u2019encouragement de la recherche. D\u00e8s lors, il propose aux personnes int\u00e9ress\u00e9es un \u00e9tage et demi \u00e0 la location. Il souhaite ainsi favoriser de potentielles synergies avec des tiers. Vous trouverez de plus amples informations sur les surfaces \u00e0 louer\u00a0 \u00a0sous l\u2019onglet\u00a0 correspondant. La ville de Berne a avalis\u00e9 le permis de construire \u00e0 l\u2019automne 2023.<\/p><p><span style=\"letter-spacing: 0px;\">Vous pourrez obtenir de plus amples informations sur le b\u00e2timent du point de vue du bureau d\u2019architecture en vous rendant sur le site Internet de notre \u00e9quipe de planification g\u00e9n\u00e9rale\u00a0<\/span><a href=\"https:\/\/penzelvalier.ch\/snf-wankdorfcity-bern#\/\" target=\"_blank\" rel=\"noopener\">Penzel Valier<\/a><span style=\"letter-spacing: 0px;\">.<\/span><\/p><div>\u00a0<\/div>\t\t\t\t\t\t\t\t<\/div>\n\t\t\t\t<\/div>\n\t\t\t\t<div class=\"elementor-element elementor-element-4483e47 pa-display-conditions-yes elementor-widget elementor-widget-quarty-banner\" data-id=\"4483e47\" data-element_type=\"widget\" data-e-type=\"widget\" data-settings=\"{&quot;pa_display_conditions_switcher&quot;:&quot;yes&quot;}\" data-widget_type=\"quarty-banner.default\">\n\t\t\t\t<div class=\"elementor-widget-container\">\n\t\t\t\t\t\n\t\t<div class=\"row qrt-p-0-40\">\n          <div class=\"col-lg-12\">\n            <div class=\"qrt-page-cover\">\n                            <img decoding=\"async\" src=\"https:\/\/snf-wankdorf.ch\/wp-content\/uploads\/2024\/08\/Atrium-01-1920x1080.jpg\" alt=\"\" \/>\n                                                        <div class=\"qrt-about-info qrt-right-position\">\n                <div class=\"qrt-cover-info\">\n\t\t\t\t  <ul class=\"qrt-table\">\n\t\t\t\t\t                    <li>\n                      <h5 class=\"qrt-white\">\n                      \t<span >\n\t        \t\t\t\tL'atrium ouvre des perspectives visuelles \u00e0 l'int\u00e9rieur du b\u00e2timent et jusqu'\u00e0 la toiture. <br><br>Visualisation \u00a9 Penzel Valier AG\t        \t\t\t<\/span>\n                      <\/h5>\n                      <span >\n\t\t\t\t\t\t\t\t\t\t\t  <\/span>\n\t\t\t\t\t<\/li>\n                    \t\t\t\t  <\/ul>\n                <\/div>\n              <\/div>\n         \t              <\/div>\n          <\/div>\n        <\/div>\n\n\t\t\t\t\t\t<\/div>\n\t\t\t\t<\/div>\n\t\t\t\t<div class=\"elementor-element elementor-element-cafcfba pa-display-conditions-yes elementor-widget elementor-widget-quarty-banner\" data-id=\"cafcfba\" data-element_type=\"widget\" data-e-type=\"widget\" data-settings=\"{&quot;pa_display_conditions_switcher&quot;:&quot;yes&quot;}\" data-widget_type=\"quarty-banner.default\">\n\t\t\t\t<div class=\"elementor-widget-container\">\n\t\t\t\t\t\n\t\t<div class=\"row qrt-p-0-40\">\n          <div class=\"col-lg-12\">\n            <div class=\"qrt-page-cover\">\n                            <img decoding=\"async\" src=\"https:\/\/snf-wankdorf.ch\/wp-content\/uploads\/2024\/08\/Forum-02-1920x1080.jpg\" alt=\"\" \/>\n                                                        <div class=\"qrt-about-info qrt-right-position\">\n                <div class=\"qrt-cover-info\">\n\t\t\t\t  <ul class=\"qrt-table\">\n\t\t\t\t\t                    <li>\n                      <h5 class=\"qrt-white\">\n                      \t<span >\n\t        \t\t\t\tVue sur le forum inond\u00e9 de lumi\u00e8re qui fait partie de l'atrium. <br><br>Visualisation \u00a9 Penzel Valier AG\t        \t\t\t<\/span>\n                      <\/h5>\n                      <span >\n\t\t\t\t\t\t\t\t\t\t\t  <\/span>\n\t\t\t\t\t<\/li>\n                    \t\t\t\t  <\/ul>\n                <\/div>\n              <\/div>\n         \t              <\/div>\n          <\/div>\n        <\/div>\n\n\t\t\t\t\t\t<\/div>\n\t\t\t\t<\/div>\n\t\t\t\t\t<\/div>\n\t\t<\/div>\n\t\t\t\t\t<\/div>\n\t\t<\/section>\n\t\t\t\t<\/div>\n\t\t","protected":false},"excerpt":{"rendered":"<p>Section longitudinale sud Le nouveau si\u00e8ge du FNS \u2013 avec des espaces \u00e0 louer Le Fonds national suisse (FNS) avait&#8230; <span class=\"qrt-el-more\"><a href=\"https:\/\/snf-wankdorf.ch\/fr\/projet\/le-batiment\/\" class=\"qrt-link qrt-color-link qrt-cursor-scale qrt-w-chevron\">Read more<\/a><\/span><\/p>\n","protected":false},"author":1,"featured_media":0,"parent":4101,"menu_order":0,"comment_status":"closed","ping_status":"closed","template":"template-layout-builder.php","meta":{"_acf_changed":false,"footnotes":""},"class_list":["post-4103","page","type-page","status-publish","hentry"],"acf":[],"yoast_head":"<!-- This site is optimized with the Yoast SEO Premium plugin v26.9 (Yoast SEO v26.9) - https:\/\/yoast.com\/product\/yoast-seo-premium-wordpress\/ -->\n<title>Le b\u00e2timent - SNF Wankdorf<\/title>\n<meta name=\"robots\" content=\"index, follow, max-snippet:-1, max-image-preview:large, max-video-preview:-1\" \/>\n<link rel=\"canonical\" href=\"https:\/\/snf-wankdorf.ch\/fr\/projet\/le-batiment\/\" \/>\n<meta property=\"og:locale\" content=\"fr_FR\" \/>\n<meta property=\"og:type\" content=\"article\" \/>\n<meta property=\"og:title\" content=\"Le b\u00e2timent\" \/>\n<meta property=\"og:description\" content=\"Section longitudinale sud Le nouveau si\u00e8ge du FNS \u2013 avec des espaces \u00e0 louer Le Fonds national suisse (FNS) avait... Read more\" \/>\n<meta property=\"og:url\" content=\"https:\/\/snf-wankdorf.ch\/fr\/projet\/le-batiment\/\" \/>\n<meta property=\"og:site_name\" content=\"SNF Wankdorf\" \/>\n<meta property=\"article:publisher\" content=\"https:\/\/www.facebook.com\/snf.fns.snsf.ch\" \/>\n<meta property=\"article:modified_time\" content=\"2024-08-19T13:24:18+00:00\" \/>\n<meta property=\"og:image\" content=\"https:\/\/snf-wankdorf.ch\/wp-content\/uploads\/2022\/05\/laengsschnitt_sued_1920_1080.jpg\" \/>\n<meta name=\"twitter:card\" content=\"summary_large_image\" \/>\n<meta name=\"twitter:site\" content=\"@snf_ch\" \/>\n<meta name=\"twitter:label1\" content=\"Dur\u00e9e de lecture estim\u00e9e\" \/>\n\t<meta name=\"twitter:data1\" content=\"5 minutes\" \/>\n<script type=\"application\/ld+json\" class=\"yoast-schema-graph\">{\"@context\":\"https:\/\/schema.org\",\"@graph\":[{\"@type\":\"WebPage\",\"@id\":\"https:\/\/snf-wankdorf.ch\/fr\/projet\/le-batiment\/\",\"url\":\"https:\/\/snf-wankdorf.ch\/fr\/projet\/le-batiment\/\",\"name\":\"Le b\u00e2timent - SNF Wankdorf\",\"isPartOf\":{\"@id\":\"https:\/\/snf-wankdorf.ch\/fr\/#website\"},\"primaryImageOfPage\":{\"@id\":\"https:\/\/snf-wankdorf.ch\/fr\/projet\/le-batiment\/#primaryimage\"},\"image\":{\"@id\":\"https:\/\/snf-wankdorf.ch\/fr\/projet\/le-batiment\/#primaryimage\"},\"thumbnailUrl\":\"https:\/\/snf-wankdorf.ch\/wp-content\/uploads\/2022\/05\/laengsschnitt_sued_1920_1080.jpg\",\"datePublished\":\"2022-07-21T12:13:54+00:00\",\"dateModified\":\"2024-08-19T13:24:18+00:00\",\"breadcrumb\":{\"@id\":\"https:\/\/snf-wankdorf.ch\/fr\/projet\/le-batiment\/#breadcrumb\"},\"inLanguage\":\"fr-FR\",\"potentialAction\":[{\"@type\":\"ReadAction\",\"target\":[\"https:\/\/snf-wankdorf.ch\/fr\/projet\/le-batiment\/\"]}]},{\"@type\":\"ImageObject\",\"inLanguage\":\"fr-FR\",\"@id\":\"https:\/\/snf-wankdorf.ch\/fr\/projet\/le-batiment\/#primaryimage\",\"url\":\"https:\/\/snf-wankdorf.ch\/wp-content\/uploads\/2022\/05\/laengsschnitt_sued_1920_1080.jpg\",\"contentUrl\":\"https:\/\/snf-wankdorf.ch\/wp-content\/uploads\/2022\/05\/laengsschnitt_sued_1920_1080.jpg\"},{\"@type\":\"BreadcrumbList\",\"@id\":\"https:\/\/snf-wankdorf.ch\/fr\/projet\/le-batiment\/#breadcrumb\",\"itemListElement\":[{\"@type\":\"ListItem\",\"position\":1,\"name\":\"Home\",\"item\":\"https:\/\/snf-wankdorf.ch\/fr\/\"},{\"@type\":\"ListItem\",\"position\":2,\"name\":\"Projet\",\"item\":\"https:\/\/snf-wankdorf.ch\/fr\/projet\/\"},{\"@type\":\"ListItem\",\"position\":3,\"name\":\"Le b\u00e2timent\"}]},{\"@type\":\"WebSite\",\"@id\":\"https:\/\/snf-wankdorf.ch\/fr\/#website\",\"url\":\"https:\/\/snf-wankdorf.ch\/fr\/\",\"name\":\"SNF Wankdorf\",\"description\":\"Der Schweizerische Nationalfonds, kurz SNF, f\u00f6rdert im Auftrag des Bundes die Forschung in allen Disziplinen\",\"publisher\":{\"@id\":\"https:\/\/snf-wankdorf.ch\/fr\/#organization\"},\"potentialAction\":[{\"@type\":\"SearchAction\",\"target\":{\"@type\":\"EntryPoint\",\"urlTemplate\":\"https:\/\/snf-wankdorf.ch\/fr\/?s={search_term_string}\"},\"query-input\":{\"@type\":\"PropertyValueSpecification\",\"valueRequired\":true,\"valueName\":\"search_term_string\"}}],\"inLanguage\":\"fr-FR\"},{\"@type\":\"Organization\",\"@id\":\"https:\/\/snf-wankdorf.ch\/fr\/#organization\",\"name\":\"Schweizerischer Nationalfonds SNF\",\"url\":\"https:\/\/snf-wankdorf.ch\/fr\/\",\"logo\":{\"@type\":\"ImageObject\",\"inLanguage\":\"fr-FR\",\"@id\":\"https:\/\/snf-wankdorf.ch\/fr\/#\/schema\/logo\/image\/\",\"url\":\"https:\/\/snf-wankdorf.ch\/wp-content\/uploads\/2022\/07\/SNF_logo_standard_web_color_pos_d-e1657627797950.png\",\"contentUrl\":\"https:\/\/snf-wankdorf.ch\/wp-content\/uploads\/2022\/07\/SNF_logo_standard_web_color_pos_d-e1657627797950.png\",\"width\":574,\"height\":130,\"caption\":\"Schweizerischer Nationalfonds SNF\"},\"image\":{\"@id\":\"https:\/\/snf-wankdorf.ch\/fr\/#\/schema\/logo\/image\/\"},\"sameAs\":[\"https:\/\/www.facebook.com\/snf.fns.snsf.ch\",\"https:\/\/x.com\/snf_ch\",\"https:\/\/www.linkedin.com\/company\/snsf\",\"https:\/\/www.youtube.com\/snfinfo\",\"https:\/\/www.instagram.com\/swissnationalsciencefoundation\/\"]}]}<\/script>\n<!-- \/ Yoast SEO Premium plugin. -->","yoast_head_json":{"title":"Le b\u00e2timent - SNF Wankdorf","robots":{"index":"index","follow":"follow","max-snippet":"max-snippet:-1","max-image-preview":"max-image-preview:large","max-video-preview":"max-video-preview:-1"},"canonical":"https:\/\/snf-wankdorf.ch\/fr\/projet\/le-batiment\/","og_locale":"fr_FR","og_type":"article","og_title":"Le b\u00e2timent","og_description":"Section longitudinale sud Le nouveau si\u00e8ge du FNS \u2013 avec des espaces \u00e0 louer Le Fonds national suisse (FNS) avait... Read more","og_url":"https:\/\/snf-wankdorf.ch\/fr\/projet\/le-batiment\/","og_site_name":"SNF Wankdorf","article_publisher":"https:\/\/www.facebook.com\/snf.fns.snsf.ch","article_modified_time":"2024-08-19T13:24:18+00:00","og_image":[{"url":"https:\/\/snf-wankdorf.ch\/wp-content\/uploads\/2022\/05\/laengsschnitt_sued_1920_1080.jpg","type":"","width":"","height":""}],"twitter_card":"summary_large_image","twitter_site":"@snf_ch","twitter_misc":{"Dur\u00e9e de lecture estim\u00e9e":"5 minutes"},"schema":{"@context":"https:\/\/schema.org","@graph":[{"@type":"WebPage","@id":"https:\/\/snf-wankdorf.ch\/fr\/projet\/le-batiment\/","url":"https:\/\/snf-wankdorf.ch\/fr\/projet\/le-batiment\/","name":"Le b\u00e2timent - SNF Wankdorf","isPartOf":{"@id":"https:\/\/snf-wankdorf.ch\/fr\/#website"},"primaryImageOfPage":{"@id":"https:\/\/snf-wankdorf.ch\/fr\/projet\/le-batiment\/#primaryimage"},"image":{"@id":"https:\/\/snf-wankdorf.ch\/fr\/projet\/le-batiment\/#primaryimage"},"thumbnailUrl":"https:\/\/snf-wankdorf.ch\/wp-content\/uploads\/2022\/05\/laengsschnitt_sued_1920_1080.jpg","datePublished":"2022-07-21T12:13:54+00:00","dateModified":"2024-08-19T13:24:18+00:00","breadcrumb":{"@id":"https:\/\/snf-wankdorf.ch\/fr\/projet\/le-batiment\/#breadcrumb"},"inLanguage":"fr-FR","potentialAction":[{"@type":"ReadAction","target":["https:\/\/snf-wankdorf.ch\/fr\/projet\/le-batiment\/"]}]},{"@type":"ImageObject","inLanguage":"fr-FR","@id":"https:\/\/snf-wankdorf.ch\/fr\/projet\/le-batiment\/#primaryimage","url":"https:\/\/snf-wankdorf.ch\/wp-content\/uploads\/2022\/05\/laengsschnitt_sued_1920_1080.jpg","contentUrl":"https:\/\/snf-wankdorf.ch\/wp-content\/uploads\/2022\/05\/laengsschnitt_sued_1920_1080.jpg"},{"@type":"BreadcrumbList","@id":"https:\/\/snf-wankdorf.ch\/fr\/projet\/le-batiment\/#breadcrumb","itemListElement":[{"@type":"ListItem","position":1,"name":"Home","item":"https:\/\/snf-wankdorf.ch\/fr\/"},{"@type":"ListItem","position":2,"name":"Projet","item":"https:\/\/snf-wankdorf.ch\/fr\/projet\/"},{"@type":"ListItem","position":3,"name":"Le b\u00e2timent"}]},{"@type":"WebSite","@id":"https:\/\/snf-wankdorf.ch\/fr\/#website","url":"https:\/\/snf-wankdorf.ch\/fr\/","name":"SNF Wankdorf","description":"Der Schweizerische Nationalfonds, kurz SNF, f\u00f6rdert im Auftrag des Bundes die Forschung in allen Disziplinen","publisher":{"@id":"https:\/\/snf-wankdorf.ch\/fr\/#organization"},"potentialAction":[{"@type":"SearchAction","target":{"@type":"EntryPoint","urlTemplate":"https:\/\/snf-wankdorf.ch\/fr\/?s={search_term_string}"},"query-input":{"@type":"PropertyValueSpecification","valueRequired":true,"valueName":"search_term_string"}}],"inLanguage":"fr-FR"},{"@type":"Organization","@id":"https:\/\/snf-wankdorf.ch\/fr\/#organization","name":"Schweizerischer Nationalfonds SNF","url":"https:\/\/snf-wankdorf.ch\/fr\/","logo":{"@type":"ImageObject","inLanguage":"fr-FR","@id":"https:\/\/snf-wankdorf.ch\/fr\/#\/schema\/logo\/image\/","url":"https:\/\/snf-wankdorf.ch\/wp-content\/uploads\/2022\/07\/SNF_logo_standard_web_color_pos_d-e1657627797950.png","contentUrl":"https:\/\/snf-wankdorf.ch\/wp-content\/uploads\/2022\/07\/SNF_logo_standard_web_color_pos_d-e1657627797950.png","width":574,"height":130,"caption":"Schweizerischer Nationalfonds SNF"},"image":{"@id":"https:\/\/snf-wankdorf.ch\/fr\/#\/schema\/logo\/image\/"},"sameAs":["https:\/\/www.facebook.com\/snf.fns.snsf.ch","https:\/\/x.com\/snf_ch","https:\/\/www.linkedin.com\/company\/snsf","https:\/\/www.youtube.com\/snfinfo","https:\/\/www.instagram.com\/swissnationalsciencefoundation\/"]}]}},"_links":{"self":[{"href":"https:\/\/snf-wankdorf.ch\/fr\/wp-json\/wp\/v2\/pages\/4103","targetHints":{"allow":["GET"]}}],"collection":[{"href":"https:\/\/snf-wankdorf.ch\/fr\/wp-json\/wp\/v2\/pages"}],"about":[{"href":"https:\/\/snf-wankdorf.ch\/fr\/wp-json\/wp\/v2\/types\/page"}],"author":[{"embeddable":true,"href":"https:\/\/snf-wankdorf.ch\/fr\/wp-json\/wp\/v2\/users\/1"}],"replies":[{"embeddable":true,"href":"https:\/\/snf-wankdorf.ch\/fr\/wp-json\/wp\/v2\/comments?post=4103"}],"version-history":[{"count":28,"href":"https:\/\/snf-wankdorf.ch\/fr\/wp-json\/wp\/v2\/pages\/4103\/revisions"}],"predecessor-version":[{"id":4699,"href":"https:\/\/snf-wankdorf.ch\/fr\/wp-json\/wp\/v2\/pages\/4103\/revisions\/4699"}],"up":[{"embeddable":true,"href":"https:\/\/snf-wankdorf.ch\/fr\/wp-json\/wp\/v2\/pages\/4101"}],"wp:attachment":[{"href":"https:\/\/snf-wankdorf.ch\/fr\/wp-json\/wp\/v2\/media?parent=4103"}],"curies":[{"name":"wp","href":"https:\/\/api.w.org\/{rel}","templated":true}]}}