{"id":4126,"date":"2022-05-24T16:59:24","date_gmt":"2022-05-24T16:59:24","guid":{"rendered":"https:\/\/snf-wankdorf.ch\/infos\/liens\/"},"modified":"2024-02-15T12:44:38","modified_gmt":"2024-02-15T12:44:38","slug":"liens","status":"publish","type":"page","link":"https:\/\/snf-wankdorf.ch\/fr\/infos\/liens\/","title":{"rendered":"Liens"},"content":{"rendered":"\t\t<div data-elementor-type=\"wp-page\" data-elementor-id=\"4126\" class=\"elementor elementor-4126 elementor-2997\" data-elementor-post-type=\"page\">\n\t\t\t\t\t\t<section class=\"elementor-section elementor-top-section elementor-element elementor-element-09fb1b8 elementor-section-full_width elementor-section-height-default elementor-section-height-default\" data-id=\"09fb1b8\" data-element_type=\"section\" data-e-type=\"section\">\n\t\t\t\t\t\t<div class=\"elementor-container elementor-column-gap-no\">\n\t\t\t\t\t<div class=\"elementor-column elementor-col-100 elementor-top-column elementor-element elementor-element-a7ea650\" data-id=\"a7ea650\" data-element_type=\"column\" data-e-type=\"column\">\n\t\t\t<div class=\"elementor-widget-wrap elementor-element-populated\">\n\t\t\t\t\t\t<div class=\"elementor-element elementor-element-0bf795e pa-display-conditions-yes elementor-widget elementor-widget-quarty-banner\" data-id=\"0bf795e\" data-element_type=\"widget\" data-e-type=\"widget\" data-settings=\"{&quot;pa_display_conditions_switcher&quot;:&quot;yes&quot;}\" data-widget_type=\"quarty-banner.default\">\n\t\t\t\t<div class=\"elementor-widget-container\">\n\t\t\t\t\t\n\t\t<div class=\"row qrt-p-0-40\">\n          <div class=\"col-lg-12\">\n            <div class=\"qrt-page-cover\">\n                            <img decoding=\"async\" src=\"https:\/\/snf-wankdorf.ch\/wp-content\/uploads\/2022\/05\/eg_snf_fassade_1920_1080-e1660039201452.jpg\" alt=\"\" \/>\n                                                        <div class=\"qrt-about-info qrt-right-position\">\n                <div class=\"qrt-cover-info\">\n\t\t\t\t  <ul class=\"qrt-table\">\n\t\t\t\t\t                    <li>\n                      <h5 class=\"qrt-white\">\n                      \t<span >\n\t        \t\t\t\tLa fa\u00e7ade et ses renforts caract\u00e9ristiques avec vue sur la terrasse ext\u00e9rieure.<br><br>Visualisation \u00a9 Penzel Valier AG\t        \t\t\t<\/span>\n                      <\/h5>\n                      <span >\n\t\t\t\t\t\t\t\t\t\t\t  <\/span>\n\t\t\t\t\t<\/li>\n                    \t\t\t\t  <\/ul>\n                <\/div>\n              <\/div>\n         \t              <\/div>\n          <\/div>\n        <\/div>\n\n\t\t\t\t\t\t<\/div>\n\t\t\t\t<\/div>\n\t\t\t\t<div class=\"elementor-element elementor-element-722319a elementor-widget elementor-widget-text-editor\" data-id=\"722319a\" data-element_type=\"widget\" data-e-type=\"widget\" data-widget_type=\"text-editor.default\">\n\t\t\t\t<div class=\"elementor-widget-container\">\n\t\t\t\t\t\t\t\t\t<h1>Liens<\/h1>\n\t\t\t\t\t\t\t\t<\/div>\n\t\t\t\t<\/div>\n\t\t\t\t<div class=\"elementor-element elementor-element-6f871e7 elementor-widget elementor-widget-text-editor\" data-id=\"6f871e7\" data-element_type=\"widget\" data-e-type=\"widget\" data-widget_type=\"text-editor.default\">\n\t\t\t\t<div class=\"elementor-widget-container\">\n\t\t\t\t\t\t\t\t\t<p>Si cela vous int\u00e9resse, vous trouverez sur cette page de plus amples informations sur les parties prenantes au projet ou le contexte dans lequel il s\u2019inscrit quant au voisinage et au quartier de WankdorfCity.<\/p>\n\t\t\t\t\t\t\t\t<\/div>\n\t\t\t\t<\/div>\n\t\t\t\t<div class=\"elementor-element elementor-element-cea5ecc elementor-widget elementor-widget-text-editor\" data-id=\"cea5ecc\" data-element_type=\"widget\" data-e-type=\"widget\" data-widget_type=\"text-editor.default\">\n\t\t\t\t<div class=\"elementor-widget-container\">\n\t\t\t\t\t\t\t\t\t<h2>Le b\u00e2timent<\/h2>\n\t\t\t\t\t\t\t\t<\/div>\n\t\t\t\t<\/div>\n\t\t\t\t<div class=\"elementor-element elementor-element-cdd8a75 elementor-icon-list--layout-traditional elementor-list-item-link-full_width elementor-widget elementor-widget-icon-list\" data-id=\"cdd8a75\" data-element_type=\"widget\" data-e-type=\"widget\" data-widget_type=\"icon-list.default\">\n\t\t\t\t<div class=\"elementor-widget-container\">\n\t\t\t\t\t\t\t<ul class=\"elementor-icon-list-items\">\n\t\t\t\t\t\t\t<li class=\"elementor-icon-list-item\">\n\t\t\t\t\t\t\t\t\t\t\t<a href=\"https:\/\/www.bern.ch\/\" target=\"_blank\">\n\n\t\t\t\t\t\t\t\t\t\t\t\t<span class=\"elementor-icon-list-icon\">\n\t\t\t\t\t\t\t<i aria-hidden=\"true\" class=\"fas fa-external-link-alt\"><\/i>\t\t\t\t\t\t<\/span>\n\t\t\t\t\t\t\t\t\t\t<span class=\"elementor-icon-list-text\">Propri\u00e9t\u00e9 fonci\u00e8re : Commune de Berne<\/span>\n\t\t\t\t\t\t\t\t\t\t\t<\/a>\n\t\t\t\t\t\t\t\t\t<\/li>\n\t\t\t\t\t\t\t\t<li class=\"elementor-icon-list-item\">\n\t\t\t\t\t\t\t\t\t\t\t<a href=\"https:\/\/www.bern.ch\/politik-und-verwaltung\/stadtverwaltung\/fpi\/immobilien-stadt-bern\" target=\"_blank\">\n\n\t\t\t\t\t\t\t\t\t\t\t\t<span class=\"elementor-icon-list-icon\">\n\t\t\t\t\t\t\t<i aria-hidden=\"true\" class=\"fas fa-external-link-alt\"><\/i>\t\t\t\t\t\t<\/span>\n\t\t\t\t\t\t\t\t\t\t<span class=\"elementor-icon-list-text\">Propri\u00e9t\u00e9 fonci\u00e8re : Immobilien Stadt Bern (en allemand) <\/span>\n\t\t\t\t\t\t\t\t\t\t\t<\/a>\n\t\t\t\t\t\t\t\t\t<\/li>\n\t\t\t\t\t\t\t\t<li class=\"elementor-icon-list-item\">\n\t\t\t\t\t\t\t\t\t\t\t<a href=\"https:\/\/www.snf.ch\/de\/hgCCRPlsNPiVlvq1\/seite\/medien\" target=\"_blank\">\n\n\t\t\t\t\t\t\t\t\t\t\t\t<span class=\"elementor-icon-list-icon\">\n\t\t\t\t\t\t\t<i aria-hidden=\"true\" class=\"fas fa-external-link-alt\"><\/i>\t\t\t\t\t\t<\/span>\n\t\t\t\t\t\t\t\t\t\t<span class=\"elementor-icon-list-text\">Ma\u00eetrise d\u2019\u0153uvre : FNS<\/span>\n\t\t\t\t\t\t\t\t\t\t\t<\/a>\n\t\t\t\t\t\t\t\t\t<\/li>\n\t\t\t\t\t\t\t\t<li class=\"elementor-icon-list-item\">\n\t\t\t\t\t\t\t\t\t\t\t<a href=\"https:\/\/penzelvalier.ch\/\" target=\"_blank\">\n\n\t\t\t\t\t\t\t\t\t\t\t\t<span class=\"elementor-icon-list-icon\">\n\t\t\t\t\t\t\t<i aria-hidden=\"true\" class=\"fas fa-external-link-alt\"><\/i>\t\t\t\t\t\t<\/span>\n\t\t\t\t\t\t\t\t\t\t<span class=\"elementor-icon-list-text\">Equipe de planification g\u00e9n\u00e9rale : Penzel Valier<\/span>\n\t\t\t\t\t\t\t\t\t\t\t<\/a>\n\t\t\t\t\t\t\t\t\t<\/li>\n\t\t\t\t\t\t\t\t<li class=\"elementor-icon-list-item\">\n\t\t\t\t\t\t\t\t\t\t\t<a href=\"https:\/\/www.nnbs.ch\/standard-snbs-hochbau\" target=\"_blank\">\n\n\t\t\t\t\t\t\t\t\t\t\t\t<span class=\"elementor-icon-list-icon\">\n\t\t\t\t\t\t\t<i aria-hidden=\"true\" class=\"fas fa-external-link-alt\"><\/i>\t\t\t\t\t\t<\/span>\n\t\t\t\t\t\t\t\t\t\t<span class=\"elementor-icon-list-text\">Durabilit\u00e9 : certification selon le standard SNBS <\/span>\n\t\t\t\t\t\t\t\t\t\t\t<\/a>\n\t\t\t\t\t\t\t\t\t<\/li>\n\t\t\t\t\t\t\t\t<li class=\"elementor-icon-list-item\">\n\t\t\t\t\t\t\t\t\t\t\t<a href=\"https:\/\/www.bern.ch\/themen\/planen-und-bauen\/stadtentwicklung\/stadtentwicklungsprojekte\/esp-planungen%20(en%20allemand)%20\" target=\"_blank\">\n\n\t\t\t\t\t\t\t\t\t\t\t\t<span class=\"elementor-icon-list-icon\">\n\t\t\t\t\t\t\t<i aria-hidden=\"true\" class=\"fas fa-external-link-alt\"><\/i>\t\t\t\t\t\t<\/span>\n\t\t\t\t\t\t\t\t\t\t<span class=\"elementor-icon-list-text\">P\u00f4le de d\u00e9veloppement Wankdorf<\/span>\n\t\t\t\t\t\t\t\t\t\t\t<\/a>\n\t\t\t\t\t\t\t\t\t<\/li>\n\t\t\t\t\t\t<\/ul>\n\t\t\t\t\t\t<\/div>\n\t\t\t\t<\/div>\n\t\t\t\t<div class=\"elementor-element elementor-element-0ac0a4f elementor-widget elementor-widget-text-editor\" data-id=\"0ac0a4f\" data-element_type=\"widget\" data-e-type=\"widget\" data-widget_type=\"text-editor.default\">\n\t\t\t\t<div class=\"elementor-widget-container\">\n\t\t\t\t\t\t\t\t\t<h2>Voisinage<\/h2>\n\t\t\t\t\t\t\t\t<\/div>\n\t\t\t\t<\/div>\n\t\t\t\t<div class=\"elementor-element elementor-element-3f8e6dd elementor-icon-list--layout-traditional elementor-list-item-link-full_width elementor-widget elementor-widget-icon-list\" data-id=\"3f8e6dd\" data-element_type=\"widget\" data-e-type=\"widget\" data-widget_type=\"icon-list.default\">\n\t\t\t\t<div class=\"elementor-widget-container\">\n\t\t\t\t\t\t\t<ul class=\"elementor-icon-list-items\">\n\t\t\t\t\t\t\t<li class=\"elementor-icon-list-item\">\n\t\t\t\t\t\t\t\t\t\t\t<a href=\"http:\/\/www.sbb.ch\/home.html\" target=\"_blank\">\n\n\t\t\t\t\t\t\t\t\t\t\t\t<span class=\"elementor-icon-list-icon\">\n\t\t\t\t\t\t\t<i aria-hidden=\"true\" class=\"fas fa-external-link-alt\"><\/i>\t\t\t\t\t\t<\/span>\n\t\t\t\t\t\t\t\t\t\t<span class=\"elementor-icon-list-text\">CFF<\/span>\n\t\t\t\t\t\t\t\t\t\t\t<\/a>\n\t\t\t\t\t\t\t\t\t<\/li>\n\t\t\t\t\t\t\t\t<li class=\"elementor-icon-list-item\">\n\t\t\t\t\t\t\t\t\t\t\t<a href=\"https:\/\/www.post.ch\/de\" target=\"_blank\">\n\n\t\t\t\t\t\t\t\t\t\t\t\t<span class=\"elementor-icon-list-icon\">\n\t\t\t\t\t\t\t<i aria-hidden=\"true\" class=\"fas fa-external-link-alt\"><\/i>\t\t\t\t\t\t<\/span>\n\t\t\t\t\t\t\t\t\t\t<span class=\"elementor-icon-list-text\">La Poste<\/span>\n\t\t\t\t\t\t\t\t\t\t\t<\/a>\n\t\t\t\t\t\t\t\t\t<\/li>\n\t\t\t\t\t\t\t\t<li class=\"elementor-icon-list-item\">\n\t\t\t\t\t\t\t\t\t\t\t<a href=\"http:\/\/www.losinger-marazzi.ch\/?lang=de\" target=\"_blank\">\n\n\t\t\t\t\t\t\t\t\t\t\t\t<span class=\"elementor-icon-list-icon\">\n\t\t\t\t\t\t\t<i aria-hidden=\"true\" class=\"fas fa-external-link-alt\"><\/i>\t\t\t\t\t\t<\/span>\n\t\t\t\t\t\t\t\t\t\t<span class=\"elementor-icon-list-text\">Losinger Marazzi AG <\/span>\n\t\t\t\t\t\t\t\t\t\t\t<\/a>\n\t\t\t\t\t\t\t\t\t<\/li>\n\t\t\t\t\t\t\t\t<li class=\"elementor-icon-list-item\">\n\t\t\t\t\t\t\t\t\t\t\t<a href=\"https:\/\/www.kpt.ch\/de\/Seiten\/default.aspx\" target=\"_blank\">\n\n\t\t\t\t\t\t\t\t\t\t\t\t<span class=\"elementor-icon-list-icon\">\n\t\t\t\t\t\t\t<i aria-hidden=\"true\" class=\"fas fa-external-link-alt\"><\/i>\t\t\t\t\t\t<\/span>\n\t\t\t\t\t\t\t\t\t\t<span class=\"elementor-icon-list-text\">CPT (assurances) <\/span>\n\t\t\t\t\t\t\t\t\t\t\t<\/a>\n\t\t\t\t\t\t\t\t\t<\/li>\n\t\t\t\t\t\t\t\t<li class=\"elementor-icon-list-item\">\n\t\t\t\t\t\t\t\t\t\t\t<a href=\"https:\/\/gesundheitsfoerderung.ch\/\" target=\"_blank\">\n\n\t\t\t\t\t\t\t\t\t\t\t\t<span class=\"elementor-icon-list-icon\">\n\t\t\t\t\t\t\t<i aria-hidden=\"true\" class=\"fas fa-external-link-alt\"><\/i>\t\t\t\t\t\t<\/span>\n\t\t\t\t\t\t\t\t\t\t<span class=\"elementor-icon-list-text\">Promotion Sant\u00e9 Suisse <\/span>\n\t\t\t\t\t\t\t\t\t\t\t<\/a>\n\t\t\t\t\t\t\t\t\t<\/li>\n\t\t\t\t\t\t\t\t<li class=\"elementor-icon-list-item\">\n\t\t\t\t\t\t\t\t\t\t\t<a href=\"http:\/\/www.savo.ch\/\" target=\"_blank\">\n\n\t\t\t\t\t\t\t\t\t\t\t\t<span class=\"elementor-icon-list-icon\">\n\t\t\t\t\t\t\t<i aria-hidden=\"true\" class=\"fas fa-external-link-alt\"><\/i>\t\t\t\t\t\t<\/span>\n\t\t\t\t\t\t\t\t\t\t<span class=\"elementor-icon-list-text\">SAVO (en allemand) <\/span>\n\t\t\t\t\t\t\t\t\t\t\t<\/a>\n\t\t\t\t\t\t\t\t\t<\/li>\n\t\t\t\t\t\t\t\t<li class=\"elementor-icon-list-item\">\n\t\t\t\t\t\t\t\t\t\t\t<a href=\"http:\/\/www.freibank.ch\/\" target=\"_blank\">\n\n\t\t\t\t\t\t\t\t\t\t\t\t<span class=\"elementor-icon-list-icon\">\n\t\t\t\t\t\t\t<i aria-hidden=\"true\" class=\"fas fa-external-link-alt\"><\/i>\t\t\t\t\t\t<\/span>\n\t\t\t\t\t\t\t\t\t\t<span class=\"elementor-icon-list-text\">Freibank (en allemand) <\/span>\n\t\t\t\t\t\t\t\t\t\t\t<\/a>\n\t\t\t\t\t\t\t\t\t<\/li>\n\t\t\t\t\t\t\t\t<li class=\"elementor-icon-list-item\">\n\t\t\t\t\t\t\t\t\t\t\t<a href=\"http:\/\/www.vsl-schweiz.ch\/de\" target=\"_blank\">\n\n\t\t\t\t\t\t\t\t\t\t\t\t<span class=\"elementor-icon-list-icon\">\n\t\t\t\t\t\t\t<i aria-hidden=\"true\" class=\"fas fa-external-link-alt\"><\/i>\t\t\t\t\t\t<\/span>\n\t\t\t\t\t\t\t\t\t\t<span class=\"elementor-icon-list-text\">VSL Schweiz <\/span>\n\t\t\t\t\t\t\t\t\t\t\t<\/a>\n\t\t\t\t\t\t\t\t\t<\/li>\n\t\t\t\t\t\t\t\t<li class=\"elementor-icon-list-item\">\n\t\t\t\t\t\t\t\t\t\t\t<a href=\"https:\/\/www.profawo.ch\/angebot\/kids-co-kitas\/bern\/wankdorf\/\" target=\"_blank\">\n\n\t\t\t\t\t\t\t\t\t\t\t\t<span class=\"elementor-icon-list-icon\">\n\t\t\t\t\t\t\t<i aria-hidden=\"true\" class=\"fas fa-external-link-alt\"><\/i>\t\t\t\t\t\t<\/span>\n\t\t\t\t\t\t\t\t\t\t<span class=\"elementor-icon-list-text\">Cr\u00e8che Wankdorf <\/span>\n\t\t\t\t\t\t\t\t\t\t\t<\/a>\n\t\t\t\t\t\t\t\t\t<\/li>\n\t\t\t\t\t\t\t\t<li class=\"elementor-icon-list-item\">\n\t\t\t\t\t\t\t\t\t\t\t<a href=\"https:\/\/www.staykooook.com\/bern-wankdorf\/\" target=\"_blank\">\n\n\t\t\t\t\t\t\t\t\t\t\t\t<span class=\"elementor-icon-list-icon\">\n\t\t\t\t\t\t\t<i aria-hidden=\"true\" class=\"fas fa-external-link-alt\"><\/i>\t\t\t\t\t\t<\/span>\n\t\t\t\t\t\t\t\t\t\t<span class=\"elementor-icon-list-text\">Stay KooooK <\/span>\n\t\t\t\t\t\t\t\t\t\t\t<\/a>\n\t\t\t\t\t\t\t\t\t<\/li>\n\t\t\t\t\t\t\t\t<li class=\"elementor-icon-list-item\">\n\t\t\t\t\t\t\t\t\t\t\t<a href=\"https:\/\/moxy-hotels.marriott.com\/\" target=\"_blank\">\n\n\t\t\t\t\t\t\t\t\t\t\t\t<span class=\"elementor-icon-list-icon\">\n\t\t\t\t\t\t\t<i aria-hidden=\"true\" class=\"fas fa-external-link-alt\"><\/i>\t\t\t\t\t\t<\/span>\n\t\t\t\t\t\t\t\t\t\t<span class=\"elementor-icon-list-text\">Moxy Hotel <\/span>\n\t\t\t\t\t\t\t\t\t\t\t<\/a>\n\t\t\t\t\t\t\t\t\t<\/li>\n\t\t\t\t\t\t\t\t<li class=\"elementor-icon-list-item\">\n\t\t\t\t\t\t\t\t\t\t\t<a href=\"https:\/\/www.studentlodge.ch\/WankdorfCity-211\" target=\"_blank\">\n\n\t\t\t\t\t\t\t\t\t\t\t\t<span class=\"elementor-icon-list-icon\">\n\t\t\t\t\t\t\t<i aria-hidden=\"true\" class=\"fas fa-external-link-alt\"><\/i>\t\t\t\t\t\t<\/span>\n\t\t\t\t\t\t\t\t\t\t<span class=\"elementor-icon-list-text\">Studentlodge.ch (en allemand) <\/span>\n\t\t\t\t\t\t\t\t\t\t\t<\/a>\n\t\t\t\t\t\t\t\t\t<\/li>\n\t\t\t\t\t\t<\/ul>\n\t\t\t\t\t\t<\/div>\n\t\t\t\t<\/div>\n\t\t\t\t<div class=\"elementor-element elementor-element-3bb657e elementor-widget elementor-widget-text-editor\" data-id=\"3bb657e\" data-element_type=\"widget\" data-e-type=\"widget\" data-widget_type=\"text-editor.default\">\n\t\t\t\t<div class=\"elementor-widget-container\">\n\t\t\t\t\t\t\t\t\t<h2>Mobilit\u00e9<\/h2>\n\t\t\t\t\t\t\t\t<\/div>\n\t\t\t\t<\/div>\n\t\t\t\t<div class=\"elementor-element elementor-element-38d67fd elementor-icon-list--layout-traditional elementor-list-item-link-full_width elementor-widget elementor-widget-icon-list\" data-id=\"38d67fd\" data-element_type=\"widget\" data-e-type=\"widget\" data-widget_type=\"icon-list.default\">\n\t\t\t\t<div class=\"elementor-widget-container\">\n\t\t\t\t\t\t\t<ul class=\"elementor-icon-list-items\">\n\t\t\t\t\t\t\t<li class=\"elementor-icon-list-item\">\n\t\t\t\t\t\t\t\t\t\t\t<a href=\"http:\/\/www.s-bahn-bern.ch\/\" target=\"_blank\">\n\n\t\t\t\t\t\t\t\t\t\t\t\t<span class=\"elementor-icon-list-icon\">\n\t\t\t\t\t\t\t<i aria-hidden=\"true\" class=\"fas fa-external-link-alt\"><\/i>\t\t\t\t\t\t<\/span>\n\t\t\t\t\t\t\t\t\t\t<span class=\"elementor-icon-list-text\">S-Bahn Bern (en allemand) <\/span>\n\t\t\t\t\t\t\t\t\t\t\t<\/a>\n\t\t\t\t\t\t\t\t\t<\/li>\n\t\t\t\t\t\t\t\t<li class=\"elementor-icon-list-item\">\n\t\t\t\t\t\t\t\t\t\t\t<a href=\"http:\/\/www.rbs.ch\/\" target=\"_blank\">\n\n\t\t\t\t\t\t\t\t\t\t\t\t<span class=\"elementor-icon-list-icon\">\n\t\t\t\t\t\t\t<i aria-hidden=\"true\" class=\"fas fa-external-link-alt\"><\/i>\t\t\t\t\t\t<\/span>\n\t\t\t\t\t\t\t\t\t\t<span class=\"elementor-icon-list-text\">Trafic r\u00e9gional Berne-Soleure RBS <\/span>\n\t\t\t\t\t\t\t\t\t\t\t<\/a>\n\t\t\t\t\t\t\t\t\t<\/li>\n\t\t\t\t\t\t\t\t<li class=\"elementor-icon-list-item\">\n\t\t\t\t\t\t\t\t\t\t\t<a href=\"http:\/\/www.bernmobil.ch\/\" target=\"_blank\">\n\n\t\t\t\t\t\t\t\t\t\t\t\t<span class=\"elementor-icon-list-icon\">\n\t\t\t\t\t\t\t<i aria-hidden=\"true\" class=\"fas fa-external-link-alt\"><\/i>\t\t\t\t\t\t<\/span>\n\t\t\t\t\t\t\t\t\t\t<span class=\"elementor-icon-list-text\">Bernmobil (en allemand) <\/span>\n\t\t\t\t\t\t\t\t\t\t\t<\/a>\n\t\t\t\t\t\t\t\t\t<\/li>\n\t\t\t\t\t\t\t\t<li class=\"elementor-icon-list-item\">\n\t\t\t\t\t\t\t\t\t\t\t<a href=\"http:\/\/www.flughafenbern.ch\/\" target=\"_blank\">\n\n\t\t\t\t\t\t\t\t\t\t\t\t<span class=\"elementor-icon-list-icon\">\n\t\t\t\t\t\t\t<i aria-hidden=\"true\" class=\"fas fa-external-link-alt\"><\/i>\t\t\t\t\t\t<\/span>\n\t\t\t\t\t\t\t\t\t\t<span class=\"elementor-icon-list-text\">A\u00e9roport Berne-Belp <\/span>\n\t\t\t\t\t\t\t\t\t\t\t<\/a>\n\t\t\t\t\t\t\t\t\t<\/li>\n\t\t\t\t\t\t<\/ul>\n\t\t\t\t\t\t<\/div>\n\t\t\t\t<\/div>\n\t\t\t\t\t<\/div>\n\t\t<\/div>\n\t\t\t\t\t<\/div>\n\t\t<\/section>\n\t\t\t\t<\/div>\n\t\t","protected":false},"excerpt":{"rendered":"<p>La fa\u00e7ade et ses renforts caract\u00e9ristiques avec vue sur la terrasse ext\u00e9rieure. Visualisation \u00a9 Penzel Valier AG Liens Si cela&#8230; <span class=\"qrt-el-more\"><a href=\"https:\/\/snf-wankdorf.ch\/fr\/infos\/liens\/\" class=\"qrt-link qrt-color-link qrt-cursor-scale qrt-w-chevron\">Read more<\/a><\/span><\/p>\n","protected":false},"author":1,"featured_media":0,"parent":4125,"menu_order":0,"comment_status":"closed","ping_status":"closed","template":"template-layout-builder.php","meta":{"_acf_changed":false,"footnotes":""},"class_list":["post-4126","page","type-page","status-publish","hentry"],"acf":[],"yoast_head":"<!-- This site is optimized with the Yoast SEO Premium plugin v26.9 (Yoast SEO v26.9) - https:\/\/yoast.com\/product\/yoast-seo-premium-wordpress\/ -->\n<title>Liens - SNF Wankdorf<\/title>\n<meta name=\"robots\" content=\"index, follow, max-snippet:-1, max-image-preview:large, max-video-preview:-1\" \/>\n<link rel=\"canonical\" href=\"https:\/\/snf-wankdorf.ch\/fr\/infos\/liens\/\" \/>\n<meta property=\"og:locale\" content=\"fr_FR\" \/>\n<meta property=\"og:type\" content=\"article\" \/>\n<meta property=\"og:title\" content=\"Liens\" \/>\n<meta property=\"og:description\" content=\"La fa\u00e7ade et ses renforts caract\u00e9ristiques avec vue sur la terrasse ext\u00e9rieure. Visualisation \u00a9 Penzel Valier AG Liens Si cela... Read more\" \/>\n<meta property=\"og:url\" content=\"https:\/\/snf-wankdorf.ch\/fr\/infos\/liens\/\" \/>\n<meta property=\"og:site_name\" content=\"SNF Wankdorf\" \/>\n<meta property=\"article:publisher\" content=\"https:\/\/www.facebook.com\/snf.fns.snsf.ch\" \/>\n<meta property=\"article:modified_time\" content=\"2024-02-15T12:44:38+00:00\" \/>\n<meta property=\"og:image\" content=\"https:\/\/snf-wankdorf.ch\/wp-content\/uploads\/2022\/05\/eg_snf_fassade_1920_1080-e1660039201452.jpg\" \/>\n<meta name=\"twitter:card\" content=\"summary_large_image\" \/>\n<meta name=\"twitter:site\" content=\"@snf_ch\" \/>\n<meta name=\"twitter:label1\" content=\"Dur\u00e9e de lecture estim\u00e9e\" \/>\n\t<meta name=\"twitter:data1\" content=\"1 minute\" \/>\n<script type=\"application\/ld+json\" class=\"yoast-schema-graph\">{\"@context\":\"https:\/\/schema.org\",\"@graph\":[{\"@type\":\"WebPage\",\"@id\":\"https:\/\/snf-wankdorf.ch\/fr\/infos\/liens\/\",\"url\":\"https:\/\/snf-wankdorf.ch\/fr\/infos\/liens\/\",\"name\":\"Liens - SNF Wankdorf\",\"isPartOf\":{\"@id\":\"https:\/\/snf-wankdorf.ch\/fr\/#website\"},\"primaryImageOfPage\":{\"@id\":\"https:\/\/snf-wankdorf.ch\/fr\/infos\/liens\/#primaryimage\"},\"image\":{\"@id\":\"https:\/\/snf-wankdorf.ch\/fr\/infos\/liens\/#primaryimage\"},\"thumbnailUrl\":\"https:\/\/snf-wankdorf.ch\/wp-content\/uploads\/2022\/05\/eg_snf_fassade_1920_1080-e1660039201452.jpg\",\"datePublished\":\"2022-05-24T16:59:24+00:00\",\"dateModified\":\"2024-02-15T12:44:38+00:00\",\"breadcrumb\":{\"@id\":\"https:\/\/snf-wankdorf.ch\/fr\/infos\/liens\/#breadcrumb\"},\"inLanguage\":\"fr-FR\",\"potentialAction\":[{\"@type\":\"ReadAction\",\"target\":[\"https:\/\/snf-wankdorf.ch\/fr\/infos\/liens\/\"]}]},{\"@type\":\"ImageObject\",\"inLanguage\":\"fr-FR\",\"@id\":\"https:\/\/snf-wankdorf.ch\/fr\/infos\/liens\/#primaryimage\",\"url\":\"https:\/\/snf-wankdorf.ch\/wp-content\/uploads\/2022\/05\/eg_snf_fassade_1920_1080-e1660039201452.jpg\",\"contentUrl\":\"https:\/\/snf-wankdorf.ch\/wp-content\/uploads\/2022\/05\/eg_snf_fassade_1920_1080-e1660039201452.jpg\"},{\"@type\":\"BreadcrumbList\",\"@id\":\"https:\/\/snf-wankdorf.ch\/fr\/infos\/liens\/#breadcrumb\",\"itemListElement\":[{\"@type\":\"ListItem\",\"position\":1,\"name\":\"Home\",\"item\":\"https:\/\/snf-wankdorf.ch\/fr\/\"},{\"@type\":\"ListItem\",\"position\":2,\"name\":\"Infos\",\"item\":\"https:\/\/snf-wankdorf.ch\/fr\/infos\/\"},{\"@type\":\"ListItem\",\"position\":3,\"name\":\"Liens\"}]},{\"@type\":\"WebSite\",\"@id\":\"https:\/\/snf-wankdorf.ch\/fr\/#website\",\"url\":\"https:\/\/snf-wankdorf.ch\/fr\/\",\"name\":\"SNF Wankdorf\",\"description\":\"Der Schweizerische Nationalfonds, kurz SNF, f\u00f6rdert im Auftrag des Bundes die Forschung in allen Disziplinen\",\"publisher\":{\"@id\":\"https:\/\/snf-wankdorf.ch\/fr\/#organization\"},\"potentialAction\":[{\"@type\":\"SearchAction\",\"target\":{\"@type\":\"EntryPoint\",\"urlTemplate\":\"https:\/\/snf-wankdorf.ch\/fr\/?s={search_term_string}\"},\"query-input\":{\"@type\":\"PropertyValueSpecification\",\"valueRequired\":true,\"valueName\":\"search_term_string\"}}],\"inLanguage\":\"fr-FR\"},{\"@type\":\"Organization\",\"@id\":\"https:\/\/snf-wankdorf.ch\/fr\/#organization\",\"name\":\"Schweizerischer Nationalfonds SNF\",\"url\":\"https:\/\/snf-wankdorf.ch\/fr\/\",\"logo\":{\"@type\":\"ImageObject\",\"inLanguage\":\"fr-FR\",\"@id\":\"https:\/\/snf-wankdorf.ch\/fr\/#\/schema\/logo\/image\/\",\"url\":\"https:\/\/snf-wankdorf.ch\/wp-content\/uploads\/2022\/07\/SNF_logo_standard_web_color_pos_d-e1657627797950.png\",\"contentUrl\":\"https:\/\/snf-wankdorf.ch\/wp-content\/uploads\/2022\/07\/SNF_logo_standard_web_color_pos_d-e1657627797950.png\",\"width\":574,\"height\":130,\"caption\":\"Schweizerischer Nationalfonds SNF\"},\"image\":{\"@id\":\"https:\/\/snf-wankdorf.ch\/fr\/#\/schema\/logo\/image\/\"},\"sameAs\":[\"https:\/\/www.facebook.com\/snf.fns.snsf.ch\",\"https:\/\/x.com\/snf_ch\",\"https:\/\/www.linkedin.com\/company\/snsf\",\"https:\/\/www.youtube.com\/snfinfo\",\"https:\/\/www.instagram.com\/swissnationalsciencefoundation\/\"]}]}<\/script>\n<!-- \/ Yoast SEO Premium plugin. -->","yoast_head_json":{"title":"Liens - SNF Wankdorf","robots":{"index":"index","follow":"follow","max-snippet":"max-snippet:-1","max-image-preview":"max-image-preview:large","max-video-preview":"max-video-preview:-1"},"canonical":"https:\/\/snf-wankdorf.ch\/fr\/infos\/liens\/","og_locale":"fr_FR","og_type":"article","og_title":"Liens","og_description":"La fa\u00e7ade et ses renforts caract\u00e9ristiques avec vue sur la terrasse ext\u00e9rieure. Visualisation \u00a9 Penzel Valier AG Liens Si cela... Read more","og_url":"https:\/\/snf-wankdorf.ch\/fr\/infos\/liens\/","og_site_name":"SNF Wankdorf","article_publisher":"https:\/\/www.facebook.com\/snf.fns.snsf.ch","article_modified_time":"2024-02-15T12:44:38+00:00","og_image":[{"url":"https:\/\/snf-wankdorf.ch\/wp-content\/uploads\/2022\/05\/eg_snf_fassade_1920_1080-e1660039201452.jpg","type":"","width":"","height":""}],"twitter_card":"summary_large_image","twitter_site":"@snf_ch","twitter_misc":{"Dur\u00e9e de lecture estim\u00e9e":"1 minute"},"schema":{"@context":"https:\/\/schema.org","@graph":[{"@type":"WebPage","@id":"https:\/\/snf-wankdorf.ch\/fr\/infos\/liens\/","url":"https:\/\/snf-wankdorf.ch\/fr\/infos\/liens\/","name":"Liens - SNF Wankdorf","isPartOf":{"@id":"https:\/\/snf-wankdorf.ch\/fr\/#website"},"primaryImageOfPage":{"@id":"https:\/\/snf-wankdorf.ch\/fr\/infos\/liens\/#primaryimage"},"image":{"@id":"https:\/\/snf-wankdorf.ch\/fr\/infos\/liens\/#primaryimage"},"thumbnailUrl":"https:\/\/snf-wankdorf.ch\/wp-content\/uploads\/2022\/05\/eg_snf_fassade_1920_1080-e1660039201452.jpg","datePublished":"2022-05-24T16:59:24+00:00","dateModified":"2024-02-15T12:44:38+00:00","breadcrumb":{"@id":"https:\/\/snf-wankdorf.ch\/fr\/infos\/liens\/#breadcrumb"},"inLanguage":"fr-FR","potentialAction":[{"@type":"ReadAction","target":["https:\/\/snf-wankdorf.ch\/fr\/infos\/liens\/"]}]},{"@type":"ImageObject","inLanguage":"fr-FR","@id":"https:\/\/snf-wankdorf.ch\/fr\/infos\/liens\/#primaryimage","url":"https:\/\/snf-wankdorf.ch\/wp-content\/uploads\/2022\/05\/eg_snf_fassade_1920_1080-e1660039201452.jpg","contentUrl":"https:\/\/snf-wankdorf.ch\/wp-content\/uploads\/2022\/05\/eg_snf_fassade_1920_1080-e1660039201452.jpg"},{"@type":"BreadcrumbList","@id":"https:\/\/snf-wankdorf.ch\/fr\/infos\/liens\/#breadcrumb","itemListElement":[{"@type":"ListItem","position":1,"name":"Home","item":"https:\/\/snf-wankdorf.ch\/fr\/"},{"@type":"ListItem","position":2,"name":"Infos","item":"https:\/\/snf-wankdorf.ch\/fr\/infos\/"},{"@type":"ListItem","position":3,"name":"Liens"}]},{"@type":"WebSite","@id":"https:\/\/snf-wankdorf.ch\/fr\/#website","url":"https:\/\/snf-wankdorf.ch\/fr\/","name":"SNF Wankdorf","description":"Der Schweizerische Nationalfonds, kurz SNF, f\u00f6rdert im Auftrag des Bundes die Forschung in allen Disziplinen","publisher":{"@id":"https:\/\/snf-wankdorf.ch\/fr\/#organization"},"potentialAction":[{"@type":"SearchAction","target":{"@type":"EntryPoint","urlTemplate":"https:\/\/snf-wankdorf.ch\/fr\/?s={search_term_string}"},"query-input":{"@type":"PropertyValueSpecification","valueRequired":true,"valueName":"search_term_string"}}],"inLanguage":"fr-FR"},{"@type":"Organization","@id":"https:\/\/snf-wankdorf.ch\/fr\/#organization","name":"Schweizerischer Nationalfonds SNF","url":"https:\/\/snf-wankdorf.ch\/fr\/","logo":{"@type":"ImageObject","inLanguage":"fr-FR","@id":"https:\/\/snf-wankdorf.ch\/fr\/#\/schema\/logo\/image\/","url":"https:\/\/snf-wankdorf.ch\/wp-content\/uploads\/2022\/07\/SNF_logo_standard_web_color_pos_d-e1657627797950.png","contentUrl":"https:\/\/snf-wankdorf.ch\/wp-content\/uploads\/2022\/07\/SNF_logo_standard_web_color_pos_d-e1657627797950.png","width":574,"height":130,"caption":"Schweizerischer Nationalfonds SNF"},"image":{"@id":"https:\/\/snf-wankdorf.ch\/fr\/#\/schema\/logo\/image\/"},"sameAs":["https:\/\/www.facebook.com\/snf.fns.snsf.ch","https:\/\/x.com\/snf_ch","https:\/\/www.linkedin.com\/company\/snsf","https:\/\/www.youtube.com\/snfinfo","https:\/\/www.instagram.com\/swissnationalsciencefoundation\/"]}]}},"_links":{"self":[{"href":"https:\/\/snf-wankdorf.ch\/fr\/wp-json\/wp\/v2\/pages\/4126","targetHints":{"allow":["GET"]}}],"collection":[{"href":"https:\/\/snf-wankdorf.ch\/fr\/wp-json\/wp\/v2\/pages"}],"about":[{"href":"https:\/\/snf-wankdorf.ch\/fr\/wp-json\/wp\/v2\/types\/page"}],"author":[{"embeddable":true,"href":"https:\/\/snf-wankdorf.ch\/fr\/wp-json\/wp\/v2\/users\/1"}],"replies":[{"embeddable":true,"href":"https:\/\/snf-wankdorf.ch\/fr\/wp-json\/wp\/v2\/comments?post=4126"}],"version-history":[{"count":9,"href":"https:\/\/snf-wankdorf.ch\/fr\/wp-json\/wp\/v2\/pages\/4126\/revisions"}],"predecessor-version":[{"id":4473,"href":"https:\/\/snf-wankdorf.ch\/fr\/wp-json\/wp\/v2\/pages\/4126\/revisions\/4473"}],"up":[{"embeddable":true,"href":"https:\/\/snf-wankdorf.ch\/fr\/wp-json\/wp\/v2\/pages\/4125"}],"wp:attachment":[{"href":"https:\/\/snf-wankdorf.ch\/fr\/wp-json\/wp\/v2\/media?parent=4126"}],"curies":[{"name":"wp","href":"https:\/\/api.w.org\/{rel}","templated":true}]}}