{"id":4130,"date":"2022-05-24T17:13:39","date_gmt":"2022-05-24T17:13:39","guid":{"rendered":"https:\/\/snf-wankdorf.ch\/infos\/impressum\/"},"modified":"2023-03-21T14:55:20","modified_gmt":"2023-03-21T14:55:20","slug":"impressum","status":"publish","type":"page","link":"https:\/\/snf-wankdorf.ch\/fr\/infos\/impressum\/","title":{"rendered":"Impressum"},"content":{"rendered":"\t\t<div data-elementor-type=\"wp-page\" data-elementor-id=\"4130\" class=\"elementor elementor-4130 elementor-3013\" data-elementor-post-type=\"page\">\n\t\t\t\t\t\t<section class=\"elementor-section elementor-top-section elementor-element elementor-element-09fb1b8 elementor-section-full_width elementor-section-height-default elementor-section-height-default\" data-id=\"09fb1b8\" data-element_type=\"section\" data-e-type=\"section\">\n\t\t\t\t\t\t<div class=\"elementor-container elementor-column-gap-no\">\n\t\t\t\t\t<div class=\"elementor-column elementor-col-100 elementor-top-column elementor-element elementor-element-a7ea650\" data-id=\"a7ea650\" data-element_type=\"column\" data-e-type=\"column\">\n\t\t\t<div class=\"elementor-widget-wrap\">\n\t\t\t\t\t\t\t<\/div>\n\t\t<\/div>\n\t\t\t\t\t<\/div>\n\t\t<\/section>\n\t\t\t\t<section class=\"elementor-section elementor-top-section elementor-element elementor-element-b13de92 elementor-section-full_width elementor-section-height-default elementor-section-height-default\" data-id=\"b13de92\" data-element_type=\"section\" data-e-type=\"section\">\n\t\t\t\t\t\t<div class=\"elementor-container elementor-column-gap-no\">\n\t\t\t\t\t<div class=\"elementor-column elementor-col-100 elementor-top-column elementor-element elementor-element-2a40d7b\" data-id=\"2a40d7b\" data-element_type=\"column\" data-e-type=\"column\">\n\t\t\t<div class=\"elementor-widget-wrap elementor-element-populated\">\n\t\t\t\t\t\t<div class=\"elementor-element elementor-element-0bf795e pa-display-conditions-yes elementor-widget elementor-widget-quarty-banner\" data-id=\"0bf795e\" data-element_type=\"widget\" data-e-type=\"widget\" data-settings=\"{&quot;pa_display_conditions_switcher&quot;:&quot;yes&quot;}\" data-widget_type=\"quarty-banner.default\">\n\t\t\t\t<div class=\"elementor-widget-container\">\n\t\t\t\t\t\n\t\t<div class=\"row qrt-p-0-40\">\n          <div class=\"col-lg-12\">\n            <div class=\"qrt-page-cover\">\n                            <img decoding=\"async\" src=\"https:\/\/snf-wankdorf.ch\/wp-content\/uploads\/2022\/05\/eg_snf_fassade_1920_1080-e1660039201452.jpg\" alt=\"\" \/>\n                                                        <div class=\"qrt-about-info qrt-right-position\">\n                <div class=\"qrt-cover-info\">\n\t\t\t\t  <ul class=\"qrt-table\">\n\t\t\t\t\t                    <li>\n                      <h5 class=\"qrt-white\">\n                      \t<span >\n\t        \t\t\t\tLa fa\u00e7ade et ses renforts caract\u00e9ristiques avec vue sur la terrasse ext\u00e9rieure.<br><br>Visualisation \u00a9 Penzel Valier AG\t        \t\t\t<\/span>\n                      <\/h5>\n                      <span >\n\t\t\t\t\t\t\t\t\t\t\t  <\/span>\n\t\t\t\t\t<\/li>\n                    \t\t\t\t  <\/ul>\n                <\/div>\n              <\/div>\n         \t              <\/div>\n          <\/div>\n        <\/div>\n\n\t\t\t\t\t\t<\/div>\n\t\t\t\t<\/div>\n\t\t\t\t<div class=\"elementor-element elementor-element-4c46660 elementor-widget elementor-widget-text-editor\" data-id=\"4c46660\" data-element_type=\"widget\" data-e-type=\"widget\" data-widget_type=\"text-editor.default\">\n\t\t\t\t<div class=\"elementor-widget-container\">\n\t\t\t\t\t\t\t\t\t<h1>Impressum<\/h1>\n\t\t\t\t\t\t\t\t<\/div>\n\t\t\t\t<\/div>\n\t\t\t\t<div class=\"elementor-element elementor-element-024ec65 elementor-widget elementor-widget-text-editor\" data-id=\"024ec65\" data-element_type=\"widget\" data-e-type=\"widget\" data-widget_type=\"text-editor.default\">\n\t\t\t\t<div class=\"elementor-widget-container\">\n\t\t\t\t\t\t\t\t\t<p><strong>Editeur<\/strong><br \/>Fonds national suisse (FNS)<br \/>Wildhainweg 3<br \/>Case postale<br \/>CH-3001 Berne<\/p>\n<p>T\u00e9l. +41 31 308 22 22<\/p>\n<p>E-Mail: <a href=\"mailto:com@snf.ch\">com@snf.ch<\/a><\/p>\n\t\t\t\t\t\t\t\t<\/div>\n\t\t\t\t<\/div>\n\t\t\t\t\t<\/div>\n\t\t<\/div>\n\t\t\t\t\t<\/div>\n\t\t<\/section>\n\t\t\t\t<\/div>\n\t\t","protected":false},"excerpt":{"rendered":"<p>La fa\u00e7ade et ses renforts caract\u00e9ristiques avec vue sur la terrasse ext\u00e9rieure. Visualisation \u00a9 Penzel Valier AG Impressum EditeurFonds national&#8230; <span class=\"qrt-el-more\"><a href=\"https:\/\/snf-wankdorf.ch\/fr\/infos\/impressum\/\" class=\"qrt-link qrt-color-link qrt-cursor-scale qrt-w-chevron\">Read more<\/a><\/span><\/p>\n","protected":false},"author":1,"featured_media":0,"parent":4125,"menu_order":0,"comment_status":"closed","ping_status":"closed","template":"template-layout-builder.php","meta":{"_acf_changed":false,"footnotes":""},"class_list":["post-4130","page","type-page","status-publish","hentry"],"acf":[],"yoast_head":"<!-- This site is optimized with the Yoast SEO Premium plugin v26.9 (Yoast SEO v26.9) - https:\/\/yoast.com\/product\/yoast-seo-premium-wordpress\/ -->\n<title>Impressum - SNF Wankdorf<\/title>\n<meta name=\"robots\" content=\"index, follow, max-snippet:-1, max-image-preview:large, max-video-preview:-1\" \/>\n<link rel=\"canonical\" href=\"https:\/\/snf-wankdorf.ch\/fr\/infos\/impressum\/\" \/>\n<meta property=\"og:locale\" content=\"fr_FR\" \/>\n<meta property=\"og:type\" content=\"article\" \/>\n<meta property=\"og:title\" content=\"Impressum\" \/>\n<meta property=\"og:description\" content=\"La fa\u00e7ade et ses renforts caract\u00e9ristiques avec vue sur la terrasse ext\u00e9rieure. Visualisation \u00a9 Penzel Valier AG Impressum EditeurFonds national... Read more\" \/>\n<meta property=\"og:url\" content=\"https:\/\/snf-wankdorf.ch\/fr\/infos\/impressum\/\" \/>\n<meta property=\"og:site_name\" content=\"SNF Wankdorf\" \/>\n<meta property=\"article:publisher\" content=\"https:\/\/www.facebook.com\/snf.fns.snsf.ch\" \/>\n<meta property=\"article:modified_time\" content=\"2023-03-21T14:55:20+00:00\" \/>\n<meta property=\"og:image\" content=\"https:\/\/snf-wankdorf.ch\/wp-content\/uploads\/2022\/05\/eg_snf_fassade_1920_1080-e1660039201452.jpg\" \/>\n<meta name=\"twitter:card\" content=\"summary_large_image\" \/>\n<meta name=\"twitter:site\" content=\"@snf_ch\" \/>\n<meta name=\"twitter:label1\" content=\"Dur\u00e9e de lecture estim\u00e9e\" \/>\n\t<meta name=\"twitter:data1\" content=\"1 minute\" \/>\n<script type=\"application\/ld+json\" class=\"yoast-schema-graph\">{\"@context\":\"https:\/\/schema.org\",\"@graph\":[{\"@type\":\"WebPage\",\"@id\":\"https:\/\/snf-wankdorf.ch\/fr\/infos\/impressum\/\",\"url\":\"https:\/\/snf-wankdorf.ch\/fr\/infos\/impressum\/\",\"name\":\"Impressum - SNF Wankdorf\",\"isPartOf\":{\"@id\":\"https:\/\/snf-wankdorf.ch\/fr\/#website\"},\"primaryImageOfPage\":{\"@id\":\"https:\/\/snf-wankdorf.ch\/fr\/infos\/impressum\/#primaryimage\"},\"image\":{\"@id\":\"https:\/\/snf-wankdorf.ch\/fr\/infos\/impressum\/#primaryimage\"},\"thumbnailUrl\":\"https:\/\/snf-wankdorf.ch\/wp-content\/uploads\/2022\/05\/eg_snf_fassade_1920_1080-e1660039201452.jpg\",\"datePublished\":\"2022-05-24T17:13:39+00:00\",\"dateModified\":\"2023-03-21T14:55:20+00:00\",\"breadcrumb\":{\"@id\":\"https:\/\/snf-wankdorf.ch\/fr\/infos\/impressum\/#breadcrumb\"},\"inLanguage\":\"fr-FR\",\"potentialAction\":[{\"@type\":\"ReadAction\",\"target\":[\"https:\/\/snf-wankdorf.ch\/fr\/infos\/impressum\/\"]}]},{\"@type\":\"ImageObject\",\"inLanguage\":\"fr-FR\",\"@id\":\"https:\/\/snf-wankdorf.ch\/fr\/infos\/impressum\/#primaryimage\",\"url\":\"https:\/\/snf-wankdorf.ch\/wp-content\/uploads\/2022\/05\/eg_snf_fassade_1920_1080-e1660039201452.jpg\",\"contentUrl\":\"https:\/\/snf-wankdorf.ch\/wp-content\/uploads\/2022\/05\/eg_snf_fassade_1920_1080-e1660039201452.jpg\"},{\"@type\":\"BreadcrumbList\",\"@id\":\"https:\/\/snf-wankdorf.ch\/fr\/infos\/impressum\/#breadcrumb\",\"itemListElement\":[{\"@type\":\"ListItem\",\"position\":1,\"name\":\"Home\",\"item\":\"https:\/\/snf-wankdorf.ch\/fr\/\"},{\"@type\":\"ListItem\",\"position\":2,\"name\":\"Infos\",\"item\":\"https:\/\/snf-wankdorf.ch\/fr\/infos\/\"},{\"@type\":\"ListItem\",\"position\":3,\"name\":\"Impressum\"}]},{\"@type\":\"WebSite\",\"@id\":\"https:\/\/snf-wankdorf.ch\/fr\/#website\",\"url\":\"https:\/\/snf-wankdorf.ch\/fr\/\",\"name\":\"SNF Wankdorf\",\"description\":\"Der Schweizerische Nationalfonds, kurz SNF, f\u00f6rdert im Auftrag des Bundes die Forschung in allen Disziplinen\",\"publisher\":{\"@id\":\"https:\/\/snf-wankdorf.ch\/fr\/#organization\"},\"potentialAction\":[{\"@type\":\"SearchAction\",\"target\":{\"@type\":\"EntryPoint\",\"urlTemplate\":\"https:\/\/snf-wankdorf.ch\/fr\/?s={search_term_string}\"},\"query-input\":{\"@type\":\"PropertyValueSpecification\",\"valueRequired\":true,\"valueName\":\"search_term_string\"}}],\"inLanguage\":\"fr-FR\"},{\"@type\":\"Organization\",\"@id\":\"https:\/\/snf-wankdorf.ch\/fr\/#organization\",\"name\":\"Schweizerischer Nationalfonds SNF\",\"url\":\"https:\/\/snf-wankdorf.ch\/fr\/\",\"logo\":{\"@type\":\"ImageObject\",\"inLanguage\":\"fr-FR\",\"@id\":\"https:\/\/snf-wankdorf.ch\/fr\/#\/schema\/logo\/image\/\",\"url\":\"https:\/\/snf-wankdorf.ch\/wp-content\/uploads\/2022\/07\/SNF_logo_standard_web_color_pos_d-e1657627797950.png\",\"contentUrl\":\"https:\/\/snf-wankdorf.ch\/wp-content\/uploads\/2022\/07\/SNF_logo_standard_web_color_pos_d-e1657627797950.png\",\"width\":574,\"height\":130,\"caption\":\"Schweizerischer Nationalfonds SNF\"},\"image\":{\"@id\":\"https:\/\/snf-wankdorf.ch\/fr\/#\/schema\/logo\/image\/\"},\"sameAs\":[\"https:\/\/www.facebook.com\/snf.fns.snsf.ch\",\"https:\/\/x.com\/snf_ch\",\"https:\/\/www.linkedin.com\/company\/snsf\",\"https:\/\/www.youtube.com\/snfinfo\",\"https:\/\/www.instagram.com\/swissnationalsciencefoundation\/\"]}]}<\/script>\n<!-- \/ Yoast SEO Premium plugin. -->","yoast_head_json":{"title":"Impressum - SNF Wankdorf","robots":{"index":"index","follow":"follow","max-snippet":"max-snippet:-1","max-image-preview":"max-image-preview:large","max-video-preview":"max-video-preview:-1"},"canonical":"https:\/\/snf-wankdorf.ch\/fr\/infos\/impressum\/","og_locale":"fr_FR","og_type":"article","og_title":"Impressum","og_description":"La fa\u00e7ade et ses renforts caract\u00e9ristiques avec vue sur la terrasse ext\u00e9rieure. Visualisation \u00a9 Penzel Valier AG Impressum EditeurFonds national... Read more","og_url":"https:\/\/snf-wankdorf.ch\/fr\/infos\/impressum\/","og_site_name":"SNF Wankdorf","article_publisher":"https:\/\/www.facebook.com\/snf.fns.snsf.ch","article_modified_time":"2023-03-21T14:55:20+00:00","og_image":[{"url":"https:\/\/snf-wankdorf.ch\/wp-content\/uploads\/2022\/05\/eg_snf_fassade_1920_1080-e1660039201452.jpg","type":"","width":"","height":""}],"twitter_card":"summary_large_image","twitter_site":"@snf_ch","twitter_misc":{"Dur\u00e9e de lecture estim\u00e9e":"1 minute"},"schema":{"@context":"https:\/\/schema.org","@graph":[{"@type":"WebPage","@id":"https:\/\/snf-wankdorf.ch\/fr\/infos\/impressum\/","url":"https:\/\/snf-wankdorf.ch\/fr\/infos\/impressum\/","name":"Impressum - SNF Wankdorf","isPartOf":{"@id":"https:\/\/snf-wankdorf.ch\/fr\/#website"},"primaryImageOfPage":{"@id":"https:\/\/snf-wankdorf.ch\/fr\/infos\/impressum\/#primaryimage"},"image":{"@id":"https:\/\/snf-wankdorf.ch\/fr\/infos\/impressum\/#primaryimage"},"thumbnailUrl":"https:\/\/snf-wankdorf.ch\/wp-content\/uploads\/2022\/05\/eg_snf_fassade_1920_1080-e1660039201452.jpg","datePublished":"2022-05-24T17:13:39+00:00","dateModified":"2023-03-21T14:55:20+00:00","breadcrumb":{"@id":"https:\/\/snf-wankdorf.ch\/fr\/infos\/impressum\/#breadcrumb"},"inLanguage":"fr-FR","potentialAction":[{"@type":"ReadAction","target":["https:\/\/snf-wankdorf.ch\/fr\/infos\/impressum\/"]}]},{"@type":"ImageObject","inLanguage":"fr-FR","@id":"https:\/\/snf-wankdorf.ch\/fr\/infos\/impressum\/#primaryimage","url":"https:\/\/snf-wankdorf.ch\/wp-content\/uploads\/2022\/05\/eg_snf_fassade_1920_1080-e1660039201452.jpg","contentUrl":"https:\/\/snf-wankdorf.ch\/wp-content\/uploads\/2022\/05\/eg_snf_fassade_1920_1080-e1660039201452.jpg"},{"@type":"BreadcrumbList","@id":"https:\/\/snf-wankdorf.ch\/fr\/infos\/impressum\/#breadcrumb","itemListElement":[{"@type":"ListItem","position":1,"name":"Home","item":"https:\/\/snf-wankdorf.ch\/fr\/"},{"@type":"ListItem","position":2,"name":"Infos","item":"https:\/\/snf-wankdorf.ch\/fr\/infos\/"},{"@type":"ListItem","position":3,"name":"Impressum"}]},{"@type":"WebSite","@id":"https:\/\/snf-wankdorf.ch\/fr\/#website","url":"https:\/\/snf-wankdorf.ch\/fr\/","name":"SNF Wankdorf","description":"Der Schweizerische Nationalfonds, kurz SNF, f\u00f6rdert im Auftrag des Bundes die Forschung in allen Disziplinen","publisher":{"@id":"https:\/\/snf-wankdorf.ch\/fr\/#organization"},"potentialAction":[{"@type":"SearchAction","target":{"@type":"EntryPoint","urlTemplate":"https:\/\/snf-wankdorf.ch\/fr\/?s={search_term_string}"},"query-input":{"@type":"PropertyValueSpecification","valueRequired":true,"valueName":"search_term_string"}}],"inLanguage":"fr-FR"},{"@type":"Organization","@id":"https:\/\/snf-wankdorf.ch\/fr\/#organization","name":"Schweizerischer Nationalfonds SNF","url":"https:\/\/snf-wankdorf.ch\/fr\/","logo":{"@type":"ImageObject","inLanguage":"fr-FR","@id":"https:\/\/snf-wankdorf.ch\/fr\/#\/schema\/logo\/image\/","url":"https:\/\/snf-wankdorf.ch\/wp-content\/uploads\/2022\/07\/SNF_logo_standard_web_color_pos_d-e1657627797950.png","contentUrl":"https:\/\/snf-wankdorf.ch\/wp-content\/uploads\/2022\/07\/SNF_logo_standard_web_color_pos_d-e1657627797950.png","width":574,"height":130,"caption":"Schweizerischer Nationalfonds SNF"},"image":{"@id":"https:\/\/snf-wankdorf.ch\/fr\/#\/schema\/logo\/image\/"},"sameAs":["https:\/\/www.facebook.com\/snf.fns.snsf.ch","https:\/\/x.com\/snf_ch","https:\/\/www.linkedin.com\/company\/snsf","https:\/\/www.youtube.com\/snfinfo","https:\/\/www.instagram.com\/swissnationalsciencefoundation\/"]}]}},"_links":{"self":[{"href":"https:\/\/snf-wankdorf.ch\/fr\/wp-json\/wp\/v2\/pages\/4130","targetHints":{"allow":["GET"]}}],"collection":[{"href":"https:\/\/snf-wankdorf.ch\/fr\/wp-json\/wp\/v2\/pages"}],"about":[{"href":"https:\/\/snf-wankdorf.ch\/fr\/wp-json\/wp\/v2\/types\/page"}],"author":[{"embeddable":true,"href":"https:\/\/snf-wankdorf.ch\/fr\/wp-json\/wp\/v2\/users\/1"}],"replies":[{"embeddable":true,"href":"https:\/\/snf-wankdorf.ch\/fr\/wp-json\/wp\/v2\/comments?post=4130"}],"version-history":[{"count":6,"href":"https:\/\/snf-wankdorf.ch\/fr\/wp-json\/wp\/v2\/pages\/4130\/revisions"}],"predecessor-version":[{"id":4413,"href":"https:\/\/snf-wankdorf.ch\/fr\/wp-json\/wp\/v2\/pages\/4130\/revisions\/4413"}],"up":[{"embeddable":true,"href":"https:\/\/snf-wankdorf.ch\/fr\/wp-json\/wp\/v2\/pages\/4125"}],"wp:attachment":[{"href":"https:\/\/snf-wankdorf.ch\/fr\/wp-json\/wp\/v2\/media?parent=4130"}],"curies":[{"name":"wp","href":"https:\/\/api.w.org\/{rel}","templated":true}]}}